{"id":208736,"date":"2026-01-16T03:54:04","date_gmt":"2026-01-16T02:54:04","guid":{"rendered":"https:\/\/sex-3.de\/shop\/shop\/lelo-f2s-teal-maennlicher-masturbator-blau\/"},"modified":"2026-01-19T15:48:09","modified_gmt":"2026-01-19T14:48:09","slug":"lelo-f2s-teal-maennlicher-masturbator-blau","status":"publish","type":"product","link":"https:\/\/sex-3.de\/shop\/shop\/lelo-f2s-teal-maennlicher-masturbator-blau\/","title":{"rendered":"LELO &#8211; F2S\u2122 TEAL M\u00c4NNLICHER MASTURBATOR BLAU"},"content":{"rendered":"<p>Es ist Zeit, mit dem F2STM-Massageger\u00e4t und Masturbator f\u00fcr M\u00e4nner in unvergleichliches Vergn\u00fcgen einzutauchen. Es verf\u00fcgt \u00fcber flexible Rillen aus fl\u00fcssigem Silikon, die sich leicht an jede Bewegung anpassen, w\u00e4hrend seine beiden offenen Enden f\u00fcr ununterbrochenes Vergn\u00fcgen sorgen. Benutzer k\u00f6nnen zwei exklusive Modi freischalten und die neue Funktion \u201eLove Bridge\u201c im<br \/> Mit der LELO-App k\u00f6nnen Sie diskret und in Echtzeit mit Ihren Partnern in Kontakt bleiben, wenn Sie nicht zusammen sind.<\/p>\n<p> Das Produkt verf\u00fcgt \u00fcber acht Modi, aber mit der <strong>LELO<\/strong> -App k\u00f6nnen Sie zwei weitere freischalten.<\/p>\n<p> <u>8 LEISTUNGSSTARKE GENUSSMODI<\/u><\/p>\n<p> <u>VERBINDET SICH MIT DER APP<\/u><\/p>\n<p> Schalten Sie zwei zus\u00e4tzliche Modi frei (\u201eFinish Me O\u201c und \u201eOut Of Control\u201c) oder nutzen Sie die Funktion \u201eLove Bridge\u201c in der <strong>LELOTM-<\/strong> App, um mit Ihrem Partner in Verbindung zu bleiben, wenn Sie getrennt sind.<\/p>\n<p> <u>SELBSTREGIERENDES FL\u00dcSSIGE SILIKON DEHNT SICH<\/u><\/p>\n<p> Neue Silikonrippen erm\u00f6glichen die Luftzirkulation. Dies verhindert die Bildung von Lufteinschl\u00fcssen und sorgt f\u00fcr eine zus\u00e4tzliche Stimulation. Dieses realistisch anf\u00fchlende Material ist weich, elastisch und langlebig.<\/p>\n<p> <u>FL\u00dcSSIGE SILIKON<\/u><\/p>\n<p> Dieses Material f\u00fchlt sich realistisch an und ist weich, elastisch und langlebig. Es passt sich nicht nur Ihren Bed\u00fcrfnissen an, sondern verbessert auch Ihr Erlebnis.<\/p>\n<p> <u>AN BEIDEN ENDEN OFFEN UND MIT EXKLUSIVEM DOPPELMOTOR-DESIGN<\/u><\/p>\n<p> Der F2STM bietet unbegrenztes Vergn\u00fcgen dank seines offenen Designs, das jegliche Art von Ger\u00e4uschen eliminiert. Sowohl seine Doppelmotoren als auch seine Modi passen sich den Liebkosungen des Benutzers an, w\u00e4hrend die Vibrationen ein Gef\u00fchl von Bewegung vermitteln.<\/p>\n<p> <strong>MERKMALE:<\/strong><\/p>\n<ul>\n<li> Materialien: Biokompatibles Silikon, ABS-Kunststoff und Aluminiumlegierung<\/li>\n<li> Finish: Glatt<\/li>\n<li> Gr\u00f6\u00dfe: 110 x \u03a6 82 mm<\/li>\n<li> Gewicht: 267 g<\/li>\n<li> Batterie: Lithium-Ionen 520 mAh 3,7 V<\/li>\n<li> Ladung: bis zu 2 h bei 5 V 520 mA<\/li>\n<li> Nennleistung:<\/li>\n<li> Eingang: 5 V 520 mA 2,6 W<\/li>\n<li> Ausgang: 3,7 V 440 mA 1,6 W<\/li>\n<li> Nutzungsdauer: bis zu 2 Stunden<\/li>\n<li> Standby: 90 Tage<\/li>\n<li> Frequenz: 93 Hz<\/li>\n<li> Max. Ger\u00e4uschpegel: &lt;60 dB<\/li>\n<li> Schnittstelle: 3 Tasten<\/li>\n<\/ul>\n<p> <strong>SO VERWENDEN SIE IHRE F2STM VERF\u00dcGBAREN FARBEN:<\/strong><\/p>\n<p> \u2022 Laden Sie Ihr F2STM vor der ersten Verwendung 2 Stunden lang auf.<br \/> \u2022 Dr\u00fccken Sie die Taste \u00ab+\u00bb oder \u00ab(( ))\u00bb, um es einzuschalten.<br \/> \u2022 Dr\u00fccken Sie die Taste \u00ab(( ))\u00bb, um zwischen den 8 Modi zu wechseln.<br \/> \u2022 Mit der Taste \u00ab+\u00bb oder \u00ab-\u00bb k\u00f6nnen Sie die Intensit\u00e4t erh\u00f6hen bzw. verringern.<br \/> \u2022 Wenn Sie das Ger\u00e4t nur ausschalten m\u00f6chten, halten Sie die Taste \u00ab(( ))\u00bb gedr\u00fcckt.<br \/> Sie k\u00f6nnen zum Ausschalten und Sperren auch gleichzeitig die Tasten \u00ab+\u00bb und \u00ab-\u00bb dr\u00fccken.<\/p>\n<p> <strong>SO VERWENDEN SIE IHR PRODUKT OHNE DIE LELOTM-APP<\/strong><\/p>\n<ul>\n<li> Laden Sie Ihr F2STM vor der ersten Verwendung 2 Stunden lang auf.<\/li>\n<li> LADEN SIE DIE IOS- ODER ANDROID-VERSION HERUNTER.<\/li>\n<li> Dr\u00fccken Sie die Taste \u00ab(( ))\u00bb 3 Sekunden lang, um es einzuschalten und gleichzeitig Bluetooth zu aktivieren.<\/li>\n<li> Alle LED-Leuchten blinken gleichzeitig, um anzuzeigen, dass die Kopplung \u00fcber Bluetooth erfolgt.<\/li>\n<li> \u00d6ffnen Sie die <strong>LELOTM<\/strong> -App und suchen Sie das Spielzeugsymbol am unteren Bildschirmrand. Suchen Sie Ihr F2STM und w\u00e4hlen Sie \u00abVerbinden\u00bb. Halten Sie die Taste am Ger\u00e4t gedr\u00fcckt. Um die Verbindung zu best\u00e4tigen, dr\u00fccken Sie die Taste auf Ihrem Ger\u00e4t erneut.<\/li>\n<li> Gehen Sie zu \u00abMEINE LELO-SPIELZEUGE\u00bb und w\u00e4hlen Sie \u00abSPIELEN\u00bb.<\/li>\n<li> W\u00e4hlen Sie aus den 3 Basismodi (\u00abManuell\u00bb, \u00abSchrauben\u00bb und \u00abSch\u00fctteln\u00bb) oder den 2 zus\u00e4tzlichen erweiterten Modi: \u00abFinish Me O\u00bb und \u00abAu\u00dfer Kontrolle\u00bb.<\/li>\n<li> Mit der Funktion \u00abLove Bridge\u00bb kannst du einen privaten Chat mit deinem Partner er\u00f6ffnen. So k\u00f6nnt ihr die Steuerung eurer mit der App verbundenen LELO-Ger\u00e4te austauschen und euch gegenseitig zum Orgasmus bringen.<\/li>\n<li> Gehen Sie zu \u00abEINSTELLUNGEN\u00bb, um das Ger\u00e4t nach Ihren W\u00fcnschen zu konfigurieren.<\/li>\n<li> Klicken Sie auf die Schaltfl\u00e4che \u00abSPEICHERN\u00bb am unteren Bildschirmrand und speichern Sie die Einstellungen f\u00fcr die Offline-Verwendung.<\/li>\n<li> Passen Sie die Standardzeit f\u00fcr die automatische Abschaltung \u00fcber das Dropdown-Men\u00fc auf 10\u201320 Minuten an. Der Batteriestand befindet sich in der oberen linken Ecke.<\/li>\n<\/ul>\n","protected":false},"excerpt":{"rendered":"<p>Es ist Zeit, mit dem F2STM-Massageger\u00e4t und Masturbator f\u00fcr M\u00e4nner in unvergleichliches Vergn\u00fcgen einzutauchen. Es verf\u00fcgt \u00fcber flexible Rillen aus fl\u00fcssigem Silikon, die sich leicht an jede Bewegung anpassen, w\u00e4hrend seine beiden offenen Enden f\u00fcr ununterbrochenes Vergn\u00fcgen sorgen. Benutzer k\u00f6nnen zwei exklusive Modi freischalten und die neue Funktion \u201eLove Bridge\u201c im Mit der LELO-App k\u00f6nnen<\/p>\n<div class=\"more-link\">\n\t\t\t\t <a href=\"https:\/\/sex-3.de\/shop\/shop\/lelo-f2s-teal-maennlicher-masturbator-blau\/\" class=\"btn theme-btn\"><span>Weiterlesen <\/span><i class=\"icofont-thin-double-right\"><\/i><\/a>\n\t\t\t<\/div>\n","protected":false},"featured_media":208737,"comment_status":"closed","ping_status":"open","template":"","meta":[],"product_brand":[],"product_cat":[1493,1203,1217],"product_tag":[],"class_list":{"0":"post-208736","1":"product","2":"type-product","3":"status-publish","4":"has-post-thumbnail","6":"product_cat-automatischer-masturbator","7":"product_cat-lovetoys","8":"product_cat-sexspielzeug-fuer-maenner","10":"first","11":"instock","12":"taxable","13":"shipping-taxable","14":"purchasable","15":"product-type-simple"},"_links":{"self":[{"href":"https:\/\/sex-3.de\/shop\/wp-json\/wp\/v2\/product\/208736","targetHints":{"allow":["GET"]}}],"collection":[{"href":"https:\/\/sex-3.de\/shop\/wp-json\/wp\/v2\/product"}],"about":[{"href":"https:\/\/sex-3.de\/shop\/wp-json\/wp\/v2\/types\/product"}],"replies":[{"embeddable":true,"href":"https:\/\/sex-3.de\/shop\/wp-json\/wp\/v2\/comments?post=208736"}],"wp:featuredmedia":[{"embeddable":true,"href":"https:\/\/sex-3.de\/shop\/wp-json\/wp\/v2\/media\/208737"}],"wp:attachment":[{"href":"https:\/\/sex-3.de\/shop\/wp-json\/wp\/v2\/media?parent=208736"}],"wp:term":[{"taxonomy":"product_brand","embeddable":true,"href":"https:\/\/sex-3.de\/shop\/wp-json\/wp\/v2\/product_brand?post=208736"},{"taxonomy":"product_cat","embeddable":true,"href":"https:\/\/sex-3.de\/shop\/wp-json\/wp\/v2\/product_cat?post=208736"},{"taxonomy":"product_tag","embeddable":true,"href":"https:\/\/sex-3.de\/shop\/wp-json\/wp\/v2\/product_tag?post=208736"}],"curies":[{"name":"wp","href":"https:\/\/api.w.org\/{rel}","templated":true}]}}