{"id":208590,"date":"2026-01-16T03:50:04","date_gmt":"2026-01-16T02:50:04","guid":{"rendered":"https:\/\/sex-3.de\/shop\/shop\/xise-suctroker-v2-0-i-mundmasturbator-mit-vibration\/"},"modified":"2026-01-19T15:47:53","modified_gmt":"2026-01-19T14:47:53","slug":"xise-suctroker-v2-0-i-mundmasturbator-mit-vibration","status":"publish","type":"product","link":"https:\/\/sex-3.de\/shop\/shop\/xise-suctroker-v2-0-i-mundmasturbator-mit-vibration\/","title":{"rendered":"XISE &#8211; SUCTROKER V2.0 I Mundmasturbator mit Vibration"},"content":{"rendered":"<p>Der mundf\u00f6rmige Masturbator SuckTrocker von <strong>XISE<\/strong> bietet ein intensives und realistisches Lustempfinden durch die Kombination von Saugkraft, Vibration und einer ultrarealistischen Textur. Inspiriert vom oralen Kontakt, verf\u00fcgt dieser innovative Masturbator \u00fcber eine ergonomische Form, die das Gef\u00fchl eines echten Mundes nachahmt \u2013 mit weichen Lippen, einer strukturierten Innenh\u00f6hle und einem verstellbaren Saugkanal f\u00fcr intensive Stimulation.<\/p>\n<p> Der aus medizinischem TPE-Silikon gefertigte SuckTrocker bietet eine seidig-elastische Textur, die sich perfekt an den K\u00f6rper anpasst und so f\u00fcr ein nat\u00fcrliches und angenehmes Gef\u00fchl sorgt. Sein leistungsstarkes Vibrationssystem mit verschiedenen Modi intensiviert das Vergn\u00fcgen, erzeugt einen Saugeffekt und tiefe Stimulation. Dieser Masturbator ist ideal f\u00fcr alle, die ein realistisches, freih\u00e4ndiges Oralsex-Erlebnis suchen und die perfekte Erg\u00e4nzung f\u00fcr Solo-Vergn\u00fcgen.<\/p>\n<p> <strong>Hauptmerkmale<\/strong><\/p>\n<ul>\n<li> <u>Realistisches und ergonomisches Design:<\/u> Detaillierte Mundform mit weichen Lippen und realistischer Textur.<\/li>\n<li> <u>Die hochentwickelte, strukturierte Innenmulde<\/u> ist so gestaltet, dass sie sich wie ein echter Mund anf\u00fchlt. Der flexible und elastische Kanal passt sich der gew\u00fcnschten Gr\u00f6\u00dfe und dem Druck an.<\/li>\n<li> <u>Hochwertiges TPE-Silikonmaterial:<\/u> Hypoallergenes und phthalatfreies Silikon, sicher f\u00fcr die Haut.<\/li>\n<li> <u>Strapazierf\u00e4higes Material und leicht zu reinigen.<\/u><\/li>\n<li> <u>Leistungsstarkes und einstellbares Vibrationssystem<\/u><\/li>\n<li> <u>Hochleistungsmotor mit Vibrationen,<\/u> die den gesamten Innenraum stimulieren.<\/li>\n<li> <u>Mehrere Vibrationsmodi,<\/u> von sanften Pulsationen bis hin zu intensiven Vibrationen.<\/li>\n<li> <u>Verbesserter Saugeffekt:<\/u> Das Design simuliert ein nat\u00fcrliches Sauggef\u00fchl und steigert so das Vergn\u00fcgen.<\/li>\n<li> <u>Einstellbarer Druckkanal,<\/u> mit dem Sie die Saugst\u00e4rke regulieren k\u00f6nnen.<\/li>\n<li> <u>Innere Struktur aus Wellen und Erhebungen, die die Stimulation verst\u00e4rken.<\/u><\/li>\n<li> <u>Aufladen \u00fcber USB<\/u> f\u00fcr lange, ununterbrochene Sessions.<\/li>\n<li> <u>Ergonomischer Griff,<\/u> ideal f\u00fcr komfortables und m\u00fcheloses Handling.<\/li>\n<li> <u>Kompakte Gr\u00f6\u00dfe,<\/u> ideal zum Aufbewahren oder f\u00fcr Reisen.<\/li>\n<li> <u>Kompatibel mit wasserbasierten Gleitmitteln, f\u00fcr ein intensiveres Sinneserlebnis.<\/u><\/li>\n<li> <u>Wasserfest,<\/u> erm\u00f6glicht daher eine schnelle Reinigung mit warmem Wasser und milder Seife.<\/li>\n<\/ul>\n<p> <strong>Vorteile des XISE Saugrockers<\/strong><\/p>\n<ul>\n<li> Ultrarealistisches Munddesign mit weichen Lippen und anatomischen Details.<\/li>\n<li> Strukturierte Innenh\u00f6hle, die das Gef\u00fchl von echtem Oralsex nachahmt.<\/li>\n<li> Leistungsstarkes Vibrationssystem mit mehreren Intensit\u00e4tsstufen f\u00fcr tiefe Stimulation.<\/li>\n<li> Verbesserter Saugeffekt, der den Kontakt mit dem Mundraum realistisch simuliert.<\/li>\n<li> Hochwertiges TPE-Silikonmaterial, sicher und langlebig.<\/li>\n<li> Langlebiger Akku mit USB-Ladefunktion.<\/li>\n<li> Ergonomisches und tragbares Design, einfach zu handhaben und zu verstauen.<\/li>\n<li> Leicht zu reinigen und in perfektem Zustand zu halten.<\/li>\n<li> Ein intensives und realistisches Lusterlebnis.<\/li>\n<\/ul>\n<p> Der <strong>XISE<\/strong> SuckTrocker, ein mundf\u00f6rmiger Masturbator, ist der ideale Begleiter f\u00fcr alle, die intensive Stimulation suchen. Realistische, freih\u00e4ndige orale Stimulation kombiniert Vibration, Saugkraft und eine innovative Textur. Sein innovatives Design und die leistungsstarke Technologie sorgen f\u00fcr ein intensives und lustvolles Erlebnis und machen ihn zu einem unverzichtbaren Accessoire f\u00fcr m\u00e4nnliches Vergn\u00fcgen.<\/p>\n","protected":false},"excerpt":{"rendered":"<p>Der mundf\u00f6rmige Masturbator SuckTrocker von XISE bietet ein intensives und realistisches Lustempfinden durch die Kombination von Saugkraft, Vibration und einer ultrarealistischen Textur. Inspiriert vom oralen Kontakt, verf\u00fcgt dieser innovative Masturbator \u00fcber eine ergonomische Form, die das Gef\u00fchl eines echten Mundes nachahmt \u2013 mit weichen Lippen, einer strukturierten Innenh\u00f6hle und einem verstellbaren Saugkanal f\u00fcr intensive Stimulation.<\/p>\n<div class=\"more-link\">\n\t\t\t\t <a href=\"https:\/\/sex-3.de\/shop\/shop\/xise-suctroker-v2-0-i-mundmasturbator-mit-vibration\/\" class=\"btn theme-btn\"><span>Weiterlesen <\/span><i class=\"icofont-thin-double-right\"><\/i><\/a>\n\t\t\t<\/div>\n","protected":false},"featured_media":208591,"comment_status":"closed","ping_status":"open","template":"","meta":[],"product_brand":[],"product_cat":[1203,1492,1217],"product_tag":[],"class_list":{"0":"post-208590","1":"product","2":"type-product","3":"status-publish","4":"has-post-thumbnail","6":"product_cat-lovetoys","7":"product_cat-mundmasturbator","8":"product_cat-sexspielzeug-fuer-maenner","10":"first","11":"instock","12":"taxable","13":"shipping-taxable","14":"purchasable","15":"product-type-simple"},"_links":{"self":[{"href":"https:\/\/sex-3.de\/shop\/wp-json\/wp\/v2\/product\/208590","targetHints":{"allow":["GET"]}}],"collection":[{"href":"https:\/\/sex-3.de\/shop\/wp-json\/wp\/v2\/product"}],"about":[{"href":"https:\/\/sex-3.de\/shop\/wp-json\/wp\/v2\/types\/product"}],"replies":[{"embeddable":true,"href":"https:\/\/sex-3.de\/shop\/wp-json\/wp\/v2\/comments?post=208590"}],"wp:featuredmedia":[{"embeddable":true,"href":"https:\/\/sex-3.de\/shop\/wp-json\/wp\/v2\/media\/208591"}],"wp:attachment":[{"href":"https:\/\/sex-3.de\/shop\/wp-json\/wp\/v2\/media?parent=208590"}],"wp:term":[{"taxonomy":"product_brand","embeddable":true,"href":"https:\/\/sex-3.de\/shop\/wp-json\/wp\/v2\/product_brand?post=208590"},{"taxonomy":"product_cat","embeddable":true,"href":"https:\/\/sex-3.de\/shop\/wp-json\/wp\/v2\/product_cat?post=208590"},{"taxonomy":"product_tag","embeddable":true,"href":"https:\/\/sex-3.de\/shop\/wp-json\/wp\/v2\/product_tag?post=208590"}],"curies":[{"name":"wp","href":"https:\/\/api.w.org\/{rel}","templated":true}]}}