{"id":208347,"date":"2026-01-16T03:42:04","date_gmt":"2026-01-16T02:42:04","guid":{"rendered":"https:\/\/sex-3.de\/shop\/shop\/xise-thulma-realistischer-vagina-und-anus-masturbator-in-frontposition\/"},"modified":"2026-01-19T15:47:36","modified_gmt":"2026-01-19T14:47:36","slug":"xise-thulma-realistischer-vagina-und-anus-masturbator-in-frontposition","status":"publish","type":"product","link":"https:\/\/sex-3.de\/shop\/shop\/xise-thulma-realistischer-vagina-und-anus-masturbator-in-frontposition\/","title":{"rendered":"XISE &#8211; THULMA REALISTISCHER VAGINA- UND ANUS-MASTURBATOR IN FRONTPOSITION"},"content":{"rendered":"<p>Die realistischen Vaginal- und Anus-Masturbatoren von XISE mit verschiedenen Positionen bieten ein authentisches und intensives Lusterlebnis. Diese Sextoys zeichnen sich durch ihr detailliertes anatomisches Design, ihre Vielseitigkeit f\u00fcr unterschiedliche Stellungen und die Verwendung hochwertiger Materialien aus, die die Weichheit und Elastizit\u00e4t menschlicher Haut perfekt imitieren.<\/p>\n<p> <strong>Hauptmerkmale<\/strong><\/p>\n<ul>\n<li> <u>Hyperrealistisches Design:<\/u> Mit pr\u00e4zisen Details geformt, um das Aussehen und die Textur einer echten Vagina und eines echten Anus nachzuahmen.<\/li>\n<li> <u>Doppelpenetrationskanal:<\/u><\/li>\n<li style=\"margin-left:\"> Vagina: Enge \u00d6ffnung mit einem strukturierten Innentunnel, der eine echte Penetration simuliert.<\/li>\n<li style=\"margin-left:\"> Anus: Engerer Kanal mit anderer Textur f\u00fcr st\u00e4rkeren Druck und intensivere Stimulation.<\/li>\n<li> <u>Stimulierende innere Textur:<\/u> Beide Kan\u00e4le sind mit Rillen, Noppen und Saugkammern ausgestattet, die die Reibung und das Druckgef\u00fchl um den Penis herum erh\u00f6hen.<\/li>\n<li> <u>Medizinisches TPE-Silikonmaterial:<\/u> Die Textur ist ultra-glatt, dehnbar und absolut k\u00f6rpervertr\u00e4glich.<\/li>\n<li> <u>Design Multi-Position:<\/u> Dank seiner Struktur kann es in verschiedenen Positionen verwendet werden, entweder auf flachen Oberfl\u00e4chen abgelegt oder in den H\u00e4nden gehalten.<\/li>\n<li> <u>Verwendung mit Gleitmitteln:<\/u> Zur Steigerung des Erlebnisses wird die Verwendung von Gleitmitteln auf Wasserbasis empfohlen.<\/li>\n<li> <u>Leicht zu reinigen:<\/u> Es ist abnehmbar und wasserdicht f\u00fcr einfache Hygiene.<\/li>\n<li> <u>Realistisches Gewicht und realistische Gr\u00f6\u00dfe:<\/u> Sorgt f\u00fcr mehr Stabilit\u00e4t und ein realistischeres Spielgef\u00fchl.<\/li>\n<\/ul>\n<p> <strong>Vorteile:<\/strong><\/p>\n<ul>\n<li> Hyperrealistische Empfindung mit Doppelpenetrationskanal<\/li>\n<li> Weiches, elastisches und sicheres Material<\/li>\n<li> Mehrfach positionierbares Design f\u00fcr gr\u00f6\u00dfere Vielseitigkeit<\/li>\n<li> Stimulierende innere Textur f\u00fcr intensiveres Vergn\u00fcgen<\/li>\n<li> Leicht zu reinigen und zu pflegen<\/li>\n<li> Realistische Gr\u00f6\u00dfe und Gewicht f\u00fcr ein immersives Erlebnis<\/li>\n<\/ul>\n<p> Die realistischen Multi-Positions-Masturbatoren von XISE wurden entwickelt, um ein lustvolles und vielseitiges Erlebnis zu bieten und Ihnen eine intensive und individuelle Stimulation zu erm\u00f6glichen.<\/p>\n","protected":false},"excerpt":{"rendered":"<p>Die realistischen Vaginal- und Anus-Masturbatoren von XISE mit verschiedenen Positionen bieten ein authentisches und intensives Lusterlebnis. Diese Sextoys zeichnen sich durch ihr detailliertes anatomisches Design, ihre Vielseitigkeit f\u00fcr unterschiedliche Stellungen und die Verwendung hochwertiger Materialien aus, die die Weichheit und Elastizit\u00e4t menschlicher Haut perfekt imitieren. Hauptmerkmale Hyperrealistisches Design: Mit pr\u00e4zisen Details geformt, um das Aussehen<\/p>\n<div class=\"more-link\">\n\t\t\t\t <a href=\"https:\/\/sex-3.de\/shop\/shop\/xise-thulma-realistischer-vagina-und-anus-masturbator-in-frontposition\/\" class=\"btn theme-btn\"><span>Weiterlesen <\/span><i class=\"icofont-thin-double-right\"><\/i><\/a>\n\t\t\t<\/div>\n","protected":false},"featured_media":208348,"comment_status":"closed","ping_status":"open","template":"","meta":[],"product_brand":[],"product_cat":[1203,1217,1343],"product_tag":[],"class_list":{"0":"post-208347","1":"product","2":"type-product","3":"status-publish","4":"has-post-thumbnail","6":"product_cat-lovetoys","7":"product_cat-sexspielzeug-fuer-maenner","8":"product_cat-vaginas-ohne-vibration","10":"first","11":"instock","12":"taxable","13":"shipping-taxable","14":"purchasable","15":"product-type-simple"},"_links":{"self":[{"href":"https:\/\/sex-3.de\/shop\/wp-json\/wp\/v2\/product\/208347","targetHints":{"allow":["GET"]}}],"collection":[{"href":"https:\/\/sex-3.de\/shop\/wp-json\/wp\/v2\/product"}],"about":[{"href":"https:\/\/sex-3.de\/shop\/wp-json\/wp\/v2\/types\/product"}],"replies":[{"embeddable":true,"href":"https:\/\/sex-3.de\/shop\/wp-json\/wp\/v2\/comments?post=208347"}],"wp:featuredmedia":[{"embeddable":true,"href":"https:\/\/sex-3.de\/shop\/wp-json\/wp\/v2\/media\/208348"}],"wp:attachment":[{"href":"https:\/\/sex-3.de\/shop\/wp-json\/wp\/v2\/media?parent=208347"}],"wp:term":[{"taxonomy":"product_brand","embeddable":true,"href":"https:\/\/sex-3.de\/shop\/wp-json\/wp\/v2\/product_brand?post=208347"},{"taxonomy":"product_cat","embeddable":true,"href":"https:\/\/sex-3.de\/shop\/wp-json\/wp\/v2\/product_cat?post=208347"},{"taxonomy":"product_tag","embeddable":true,"href":"https:\/\/sex-3.de\/shop\/wp-json\/wp\/v2\/product_tag?post=208347"}],"curies":[{"name":"wp","href":"https:\/\/api.w.org\/{rel}","templated":true}]}}