{"id":206867,"date":"2026-01-16T03:02:04","date_gmt":"2026-01-16T02:02:04","guid":{"rendered":"https:\/\/sex-3.de\/shop\/shop\/diablo-picante-100-rote-bluetenbltter\/"},"modified":"2026-01-19T15:44:22","modified_gmt":"2026-01-19T14:44:22","slug":"diablo-picante-100-rote-bluetenbltter","status":"publish","type":"product","link":"https:\/\/sex-3.de\/shop\/shop\/diablo-picante-100-rote-bluetenbltter\/","title":{"rendered":"DIABLO PICANTE &#8211; 100 ROTE BL\u00dcTENBLTTER"},"content":{"rendered":"<p><strong>100 ROTE BL\u00dcTENBL\u00c4TTER<\/strong><\/p>\n<p> Dieser Artikel enth\u00e4lt 100 rote Bl\u00fctenbl\u00e4tter. \u00dcberraschen Sie Ihren Partner, indem Sie einige Rosenbl\u00e4tter im Schlafzimmer oder Badezimmer verstreuen oder einen Pfad aus Bl\u00fctenbl\u00e4ttern anlegen, um den Weg zur Liebe zu markieren.<\/p>\n<p> <strong>Diablo Picante<\/strong> , Pionier in Spanien in der Herstellung von Spa\u00dfartikeln mit erotischem Thema f\u00fcr Feiern aller Art: Abschiede, Geburtstage, Pensionierungen, Scherze, Partys und andere Veranstaltungen mit Freunden und Kollegen.<\/p>\n","protected":false},"excerpt":{"rendered":"<p>100 ROTE BL\u00dcTENBL\u00c4TTER Dieser Artikel enth\u00e4lt 100 rote Bl\u00fctenbl\u00e4tter. \u00dcberraschen Sie Ihren Partner, indem Sie einige Rosenbl\u00e4tter im Schlafzimmer oder Badezimmer verstreuen oder einen Pfad aus Bl\u00fctenbl\u00e4ttern anlegen, um den Weg zur Liebe zu markieren. Diablo Picante , Pionier in Spanien in der Herstellung von Spa\u00dfartikeln mit erotischem Thema f\u00fcr Feiern aller Art: Abschiede, Geburtstage,<\/p>\n<div class=\"more-link\">\n\t\t\t\t <a href=\"https:\/\/sex-3.de\/shop\/shop\/diablo-picante-100-rote-bluetenbltter\/\" class=\"btn theme-btn\"><span>Weiterlesen <\/span><i class=\"icofont-thin-double-right\"><\/i><\/a>\n\t\t\t<\/div>\n","protected":false},"featured_media":107293,"comment_status":"closed","ping_status":"open","template":"","meta":[],"product_brand":[],"product_cat":[1231,1203],"product_tag":[],"class_list":{"0":"post-206867","1":"product","2":"type-product","3":"status-publish","4":"has-post-thumbnail","6":"product_cat-kit-sexspielzeug","7":"product_cat-lovetoys","9":"first","10":"instock","11":"taxable","12":"shipping-taxable","13":"purchasable","14":"product-type-simple"},"_links":{"self":[{"href":"https:\/\/sex-3.de\/shop\/wp-json\/wp\/v2\/product\/206867","targetHints":{"allow":["GET"]}}],"collection":[{"href":"https:\/\/sex-3.de\/shop\/wp-json\/wp\/v2\/product"}],"about":[{"href":"https:\/\/sex-3.de\/shop\/wp-json\/wp\/v2\/types\/product"}],"replies":[{"embeddable":true,"href":"https:\/\/sex-3.de\/shop\/wp-json\/wp\/v2\/comments?post=206867"}],"wp:featuredmedia":[{"embeddable":true,"href":"https:\/\/sex-3.de\/shop\/wp-json\/wp\/v2\/media\/107293"}],"wp:attachment":[{"href":"https:\/\/sex-3.de\/shop\/wp-json\/wp\/v2\/media?parent=206867"}],"wp:term":[{"taxonomy":"product_brand","embeddable":true,"href":"https:\/\/sex-3.de\/shop\/wp-json\/wp\/v2\/product_brand?post=206867"},{"taxonomy":"product_cat","embeddable":true,"href":"https:\/\/sex-3.de\/shop\/wp-json\/wp\/v2\/product_cat?post=206867"},{"taxonomy":"product_tag","embeddable":true,"href":"https:\/\/sex-3.de\/shop\/wp-json\/wp\/v2\/product_tag?post=206867"}],"curies":[{"name":"wp","href":"https:\/\/api.w.org\/{rel}","templated":true}]}}