{"id":184996,"date":"2026-01-15T17:59:00","date_gmt":"2026-01-15T16:59:00","guid":{"rendered":"https:\/\/sex-3.de\/shop\/shop\/satisfyer-air-pump-bunny-1-aufblasbarer-kaninchenvibrator-blau\/"},"modified":"2026-01-19T09:40:27","modified_gmt":"2026-01-19T08:40:27","slug":"satisfyer-air-pump-bunny-1-aufblasbarer-kaninchenvibrator-blau","status":"publish","type":"product","link":"https:\/\/sex-3.de\/shop\/shop\/satisfyer-air-pump-bunny-1-aufblasbarer-kaninchenvibrator-blau\/","title":{"rendered":"SATISFYER &#8211; AIR PUMP BUNNY 1 AUFBLASBARER KANINCHENVIBRATOR BLAU"},"content":{"rendered":"<p><strong>Luftpumpe Hase 1<\/strong><\/p>\n<p> Eine leistungsstarke Pumpe \u2026 Der Air Pump Bunny 1 ist ein vielseitiger, aufblasbarer Rabbit-Vibrator, der Sie begeistern wird. Mit einem Schlaufengriff f\u00fcr einfache Handhabung, einem aufblasbaren Schaft f\u00fcr gezielte G-Punkt-Stimulation sowie einem zus\u00e4tzlichen Klitorisstimulator erleben Sie ausf\u00fcllende Empfindungen wie nie zuvor! Ideal f\u00fcr erfahrene Lustsuchende, lassen die intensiven, leistungsstarken Motoren und der vergr\u00f6\u00dferte Durchmesser des aufblasbaren Schafts keine W\u00fcnsche offen.<\/p>\n<p> Der Schaft ist fest und unflexibel, mit einer spitzen Form und einer Kante, aber nach dem Aufblasen ist die Oberfl\u00e4che der Spitze leicht formbar. Gehen Sie auf Nummer sicher und passen Sie das Aufblasen individuell an Ihren K\u00f6rper an, denn der Air Pump Bunny 1 ist so konstruiert, dass er Intensit\u00e4t und Gr\u00f6\u00dfe langsam steigern kann. Wenn Sie nicht in der Stimmung f\u00fcr das vollste Gef\u00fchl sind, k\u00f6nnen Sie den Air Pump Bunny 1 auch problemlos als normalen Vibrator verwenden.<\/p>\n<p> Der Air Pump Bunny 1 l\u00e4sst sich in weniger als 12 Sekunden aufpumpen und l\u00e4sst sich w\u00e4hrend des F\u00fcllvorgangs ganz einfach anpassen. Zum Bef\u00fcllen einfach wiederholt auf den F\u00fcllknopf dr\u00fccken, zum L\u00f6sen einfach doppelklicken. Au\u00dferdem lassen sich die 12 verschiedenen Vibrationseinstellungen der beiden leistungsstarken Motoren mit den +\/- Tasten steuern. Der Air Pump Bunny 1 besteht aus k\u00f6rpervertr\u00e4glichem Silikon und ist wiederaufladbar. Pumpen Sie los!<\/p>\n<p> <u><strong>MERKMALE:<\/strong><\/u><\/p>\n<ul>\n<li> 12 Vibrationsprogramme<\/li>\n<li> Aufpumpen: &lt;12 Sekunden (Aufpumpknopf)<\/li>\n<li> Luftablass: Doppelklick<\/li>\n<li> Material: K\u00f6rpersicheres Silikon<\/li>\n<li> Stromversorgung: Wiederaufladbar<\/li>\n<\/ul>\n","protected":false},"excerpt":{"rendered":"<p>Luftpumpe Hase 1 Eine leistungsstarke Pumpe \u2026 Der Air Pump Bunny 1 ist ein vielseitiger, aufblasbarer Rabbit-Vibrator, der Sie begeistern wird. Mit einem Schlaufengriff f\u00fcr einfache Handhabung, einem aufblasbaren Schaft f\u00fcr gezielte G-Punkt-Stimulation sowie einem zus\u00e4tzlichen Klitorisstimulator erleben Sie ausf\u00fcllende Empfindungen wie nie zuvor! Ideal f\u00fcr erfahrene Lustsuchende, lassen die intensiven, leistungsstarken Motoren und der<\/p>\n<div class=\"more-link\">\n\t\t\t\t <a href=\"https:\/\/sex-3.de\/shop\/shop\/satisfyer-air-pump-bunny-1-aufblasbarer-kaninchenvibrator-blau\/\" class=\"btn theme-btn\"><span>Weiterlesen <\/span><i class=\"icofont-thin-double-right\"><\/i><\/a>\n\t\t\t<\/div>\n","protected":false},"featured_media":178846,"comment_status":"closed","ping_status":"open","template":"","meta":[],"product_brand":[],"product_cat":[1211,1203,1204],"product_tag":[],"class_list":{"0":"post-184996","1":"product","2":"type-product","3":"status-publish","4":"has-post-thumbnail","6":"product_cat-kaninchen-vibratoren","7":"product_cat-lovetoys","8":"product_cat-vibratoren","10":"first","11":"instock","12":"taxable","13":"shipping-taxable","14":"purchasable","15":"product-type-simple"},"_links":{"self":[{"href":"https:\/\/sex-3.de\/shop\/wp-json\/wp\/v2\/product\/184996","targetHints":{"allow":["GET"]}}],"collection":[{"href":"https:\/\/sex-3.de\/shop\/wp-json\/wp\/v2\/product"}],"about":[{"href":"https:\/\/sex-3.de\/shop\/wp-json\/wp\/v2\/types\/product"}],"replies":[{"embeddable":true,"href":"https:\/\/sex-3.de\/shop\/wp-json\/wp\/v2\/comments?post=184996"}],"wp:featuredmedia":[{"embeddable":true,"href":"https:\/\/sex-3.de\/shop\/wp-json\/wp\/v2\/media\/178846"}],"wp:attachment":[{"href":"https:\/\/sex-3.de\/shop\/wp-json\/wp\/v2\/media?parent=184996"}],"wp:term":[{"taxonomy":"product_brand","embeddable":true,"href":"https:\/\/sex-3.de\/shop\/wp-json\/wp\/v2\/product_brand?post=184996"},{"taxonomy":"product_cat","embeddable":true,"href":"https:\/\/sex-3.de\/shop\/wp-json\/wp\/v2\/product_cat?post=184996"},{"taxonomy":"product_tag","embeddable":true,"href":"https:\/\/sex-3.de\/shop\/wp-json\/wp\/v2\/product_tag?post=184996"}],"curies":[{"name":"wp","href":"https:\/\/api.w.org\/{rel}","templated":true}]}}