{"id":184196,"date":"2026-01-15T17:30:36","date_gmt":"2026-01-15T16:30:36","guid":{"rendered":"https:\/\/sex-3.de\/shop\/shop\/calexotics-colt-red-nippel-saugnapf\/"},"modified":"2026-01-19T09:36:46","modified_gmt":"2026-01-19T08:36:46","slug":"calexotics-colt-red-nippel-saugnapf","status":"publish","type":"product","link":"https:\/\/sex-3.de\/shop\/shop\/calexotics-colt-red-nippel-saugnapf\/","title":{"rendered":"CALEXOTICS &#8211; COLT RED NIPPEL-SAUGNAPF"},"content":{"rendered":"<p>Die Colt Nipple Prosuckers sind ein Set Brustwarzensauger.<\/p>\n<p> Das Vakuum erh\u00f6ht die Empfindlichkeit und f\u00fchrt Sie in eine neue Dimension des lustvollen intimen Nippelspiels.<\/p>\n<ul>\n<li> Durch die Basis bleibt das Produkt w\u00e4hrend der Verwendung an seinem Platz.<\/li>\n<\/ul>\n<p> Das Colt Nipple Prosuckers-Set wird in einer eleganten, modernen Verpackung geliefert und ist Teil der Colt Gear-Kollektion der Qualit\u00e4tsmarke CalExotics.<\/p>\n","protected":false},"excerpt":{"rendered":"<p>Die Colt Nipple Prosuckers sind ein Set Brustwarzensauger. Das Vakuum erh\u00f6ht die Empfindlichkeit und f\u00fchrt Sie in eine neue Dimension des lustvollen intimen Nippelspiels. Durch die Basis bleibt das Produkt w\u00e4hrend der Verwendung an seinem Platz. Das Colt Nipple Prosuckers-Set wird in einer eleganten, modernen Verpackung geliefert und ist Teil der Colt Gear-Kollektion der Qualit\u00e4tsmarke<\/p>\n<div class=\"more-link\">\n\t\t\t\t <a href=\"https:\/\/sex-3.de\/shop\/shop\/calexotics-colt-red-nippel-saugnapf\/\" class=\"btn theme-btn\"><span>Weiterlesen <\/span><i class=\"icofont-thin-double-right\"><\/i><\/a>\n\t\t\t<\/div>\n","protected":false},"featured_media":133589,"comment_status":"closed","ping_status":"open","template":"","meta":[],"product_brand":[],"product_cat":[1203,1206,1207,1215],"product_tag":[],"class_list":{"0":"post-184196","1":"product","2":"type-product","3":"status-publish","4":"has-post-thumbnail","6":"product_cat-lovetoys","7":"product_cat-spielzeug-fuer-frauen","8":"product_cat-stimulatoren","9":"product_cat-vagina-klitoris-saugen","11":"first","12":"instock","13":"taxable","14":"shipping-taxable","15":"purchasable","16":"product-type-simple"},"_links":{"self":[{"href":"https:\/\/sex-3.de\/shop\/wp-json\/wp\/v2\/product\/184196","targetHints":{"allow":["GET"]}}],"collection":[{"href":"https:\/\/sex-3.de\/shop\/wp-json\/wp\/v2\/product"}],"about":[{"href":"https:\/\/sex-3.de\/shop\/wp-json\/wp\/v2\/types\/product"}],"replies":[{"embeddable":true,"href":"https:\/\/sex-3.de\/shop\/wp-json\/wp\/v2\/comments?post=184196"}],"wp:featuredmedia":[{"embeddable":true,"href":"https:\/\/sex-3.de\/shop\/wp-json\/wp\/v2\/media\/133589"}],"wp:attachment":[{"href":"https:\/\/sex-3.de\/shop\/wp-json\/wp\/v2\/media?parent=184196"}],"wp:term":[{"taxonomy":"product_brand","embeddable":true,"href":"https:\/\/sex-3.de\/shop\/wp-json\/wp\/v2\/product_brand?post=184196"},{"taxonomy":"product_cat","embeddable":true,"href":"https:\/\/sex-3.de\/shop\/wp-json\/wp\/v2\/product_cat?post=184196"},{"taxonomy":"product_tag","embeddable":true,"href":"https:\/\/sex-3.de\/shop\/wp-json\/wp\/v2\/product_tag?post=184196"}],"curies":[{"name":"wp","href":"https:\/\/api.w.org\/{rel}","templated":true}]}}