{"id":183176,"date":"2026-01-15T16:57:00","date_gmt":"2026-01-15T15:57:00","guid":{"rendered":"https:\/\/sex-3.de\/shop\/shop\/satisfyer-cosmic-crest-2-doppeldildo-aus-edelstahl\/"},"modified":"2026-01-19T09:33:52","modified_gmt":"2026-01-19T08:33:52","slug":"satisfyer-cosmic-crest-2-doppeldildo-aus-edelstahl","status":"publish","type":"product","link":"https:\/\/sex-3.de\/shop\/shop\/satisfyer-cosmic-crest-2-doppeldildo-aus-edelstahl\/","title":{"rendered":"SATISFYER &#8211; COSMIC CREST 2 DOPPELDILDO AUS EDELSTAHL"},"content":{"rendered":"<p>Bereit zum Abheben? Cosmic Crest 2 entf\u00fchrt dich auf eine abenteuerliche Reise durch die Milchstra\u00dfe der Lust. Entdecke neue Galaxien der Lust mit diesem wundersch\u00f6nen Dildo aus Edelstahl, gefertigt aus einem robusten und verf\u00fchrerischen Material.<\/p>\n<ul>\n<li> Hergestellt aus langlebigem, hochwertigem Edelstahl.<\/li>\n<li> Perfekt geeignet, um mit kalten und warmen Temperaturen zu experimentieren.<\/li>\n<li> Ideal geformt, um den G-Punkt f\u00fcr intensive Stimulation zu erreichen.<\/li>\n<li> Von beiden Seiten nutzbar<\/li>\n<li> Leicht zu reinigen<\/li>\n<li> Massiver Edelstahl<\/li>\n<li> Sinnliche G-Punkt-Stimulation<\/li>\n<li> Robustes Design f\u00fcr intensives Vergn\u00fcgen<\/li>\n<\/ul>\n<p> <strong>Wellen der Lust, in Stahl gemei\u00dfelt<\/strong><\/p>\n<p> Der Satisfyer Cosmic Crest 2 entf\u00fchrt Sie auf eine interstellare Reise purer Lust. Gefertigt aus elegantem, massivem Edelstahl und mit einer hypnotischen, wellenf\u00f6rmigen Textur versehen, bietet dieser elegante Stahldildo tiefe, rhythmische Stimulation, die Ihre empfindlichsten Intimzonen \u2013 insbesondere den G-Punkt \u2013 gezielt anspricht. Jede Kurve, jede Welle ist darauf ausgelegt, Ihr Vergn\u00fcgen pr\u00e4zise zu steigern.<\/p>\n<p> Dank seiner ultra-glatten und hygienischen Oberfl\u00e4che gleitet der Cosmic Crest 2 m\u00fchelos, ob mit oder ohne Gleitmittel, und ist perfekt f\u00fcr aufregende Temperaturspiele. Einfach erw\u00e4rmen oder abk\u00fchlen, um ein v\u00f6llig neues Spektrum an Empfindungen zu entdecken. Kompakt (20,5 cm) und ergonomisch geformt, ist er sowohl ein \u00e4sthetisch ansprechendes Accessoire als auch ein langlebiges Lustobjekt. Widerstandsf\u00e4hig, hypoallergen und unendlich oft wiederverwendbar, bietet der Cosmic Crest 2 hochwertige Intimit\u00e4t, die sich nicht nur gut anf\u00fchlt \u2013 sie ist absolut unglaublich.<\/p>\n<p> <strong>Erleben Sie die Schwerelosigkeit der Ekstase<\/strong><\/p>\n<p> Ob du ein erfahrener Astronaut bist oder dein Abenteuer gerade erst beginnst, Cosmic Crest 2 bietet dir unz\u00e4hlige M\u00f6glichkeiten der Stimulation. Es l\u00e4sst sich einfach mit warmem Wasser und etwas Spielzeugreiniger reinigen, sodass du dich ganz auf dein Vergn\u00fcgen konzentrieren kannst. Lass dich von seiner einzigartigen Form und seinem kosmischen Charme verf\u00fchren und entdecke unendliche Sinnlichkeit.<\/p>\n","protected":false},"excerpt":{"rendered":"<p>Bereit zum Abheben? Cosmic Crest 2 entf\u00fchrt dich auf eine abenteuerliche Reise durch die Milchstra\u00dfe der Lust. Entdecke neue Galaxien der Lust mit diesem wundersch\u00f6nen Dildo aus Edelstahl, gefertigt aus einem robusten und verf\u00fchrerischen Material. Hergestellt aus langlebigem, hochwertigem Edelstahl. Perfekt geeignet, um mit kalten und warmen Temperaturen zu experimentieren. Ideal geformt, um den G-Punkt<\/p>\n<div class=\"more-link\">\n\t\t\t\t <a href=\"https:\/\/sex-3.de\/shop\/shop\/satisfyer-cosmic-crest-2-doppeldildo-aus-edelstahl\/\" class=\"btn theme-btn\"><span>Weiterlesen <\/span><i class=\"icofont-thin-double-right\"><\/i><\/a>\n\t\t\t<\/div>\n","protected":false},"featured_media":172827,"comment_status":"closed","ping_status":"open","template":"","meta":[],"product_brand":[],"product_cat":[1221,1331,1203],"product_tag":[],"class_list":{"0":"post-183176","1":"product","2":"type-product","3":"status-publish","4":"has-post-thumbnail","6":"product_cat-dildos-ohne-vibration","7":"product_cat-g-punkt-dildos","8":"product_cat-lovetoys","10":"first","11":"instock","12":"taxable","13":"shipping-taxable","14":"purchasable","15":"product-type-simple"},"_links":{"self":[{"href":"https:\/\/sex-3.de\/shop\/wp-json\/wp\/v2\/product\/183176","targetHints":{"allow":["GET"]}}],"collection":[{"href":"https:\/\/sex-3.de\/shop\/wp-json\/wp\/v2\/product"}],"about":[{"href":"https:\/\/sex-3.de\/shop\/wp-json\/wp\/v2\/types\/product"}],"replies":[{"embeddable":true,"href":"https:\/\/sex-3.de\/shop\/wp-json\/wp\/v2\/comments?post=183176"}],"wp:featuredmedia":[{"embeddable":true,"href":"https:\/\/sex-3.de\/shop\/wp-json\/wp\/v2\/media\/172827"}],"wp:attachment":[{"href":"https:\/\/sex-3.de\/shop\/wp-json\/wp\/v2\/media?parent=183176"}],"wp:term":[{"taxonomy":"product_brand","embeddable":true,"href":"https:\/\/sex-3.de\/shop\/wp-json\/wp\/v2\/product_brand?post=183176"},{"taxonomy":"product_cat","embeddable":true,"href":"https:\/\/sex-3.de\/shop\/wp-json\/wp\/v2\/product_cat?post=183176"},{"taxonomy":"product_tag","embeddable":true,"href":"https:\/\/sex-3.de\/shop\/wp-json\/wp\/v2\/product_tag?post=183176"}],"curies":[{"name":"wp","href":"https:\/\/api.w.org\/{rel}","templated":true}]}}