{"id":180790,"date":"2026-01-15T15:50:01","date_gmt":"2026-01-15T14:50:01","guid":{"rendered":"https:\/\/sex-3.de\/shop\/shop\/stimul8-s8-together-paar-set-2-x-30-ml\/"},"modified":"2026-01-19T09:26:51","modified_gmt":"2026-01-19T08:26:51","slug":"stimul8-s8-together-paar-set-2-x-30-ml","status":"publish","type":"product","link":"https:\/\/sex-3.de\/shop\/shop\/stimul8-s8-together-paar-set-2-x-30-ml\/","title":{"rendered":"STIMUL8 &#8211; S8 TOGETHER PAAR-SET 2 X 30 ML"},"content":{"rendered":"<p>Teilen Sie den Spa\u00df mit dem Together Kit von S8. Suchen Sie nach Intimpflegeprodukten, die Paare gemeinsam genie\u00dfen k\u00f6nnen? Dann werden Sie das neue Together Kit von S8 lieben. Dieses Set enth\u00e4lt das sexy S8 Spark Clitoral Gel f\u00fcr sie und das S8 Delay Gel f\u00fcr ihn. In einer leidenschaftlichen Session elektrisiert das Spark die weiblichen Sinne und erogenen Zonen, w\u00e4hrend das Delay ihm intensivere und l\u00e4ngere Erregung erm\u00f6glicht. Spark und Delay sind das perfekte Duo und eine erstklassige Kombination f\u00fcr Paare, die ihre Lust gleichzeitig ausleben m\u00f6chten. Deshalb hat S8 die beiden Formeln in einem attraktiven Set mit gro\u00dfem Geschenkwert geb\u00fcndelt.<\/p>\n<p> <u><em><strong>Technische Daten<\/strong><\/em><\/u><\/p>\n<ul>\n<li> Produktabmessungen 30 ml<\/li>\n<li> Allergiegetestet Ja<\/li>\n<\/ul>\n<p> <u><em><strong>Zutaten<\/strong><\/em><\/u><\/p>\n<p> S8 Spark Klitorisgel \u2013 AQUA, GLYCERIN, PROPYLPARABEN, PEG-40 HYDROGENATED CASTOR OIL, CARBOMER, PARF\u00dcM (FRAGANCE), HYDROXYETHLCELLULOSE, TROMETHAMIN, METHYLPARABEN, ETHYLPARABEN, PROPYLPARABEN, BUTYLPARABEN, ISCBUTYLPARABEN, CAPSICUM FRUTESCENS RESIN, CI14720 (FOOD RED 3) S8 Delay Penisgel \u2013 AQUA (WASSER, GLYCERIN, PENTYLENGLYKOL, LAURETH-9, CARBOMER, NATRIUMHYDROXID, MENTHA SPICATA CRISPA KR\u00c4UTER\u00d6L<\/p>\n<p> Diese S8-Linie von Intimpflegeprodukten vereint hochwertige Formeln mit einem f\u00fcr jedermann erschwinglichen Preis und ist damit eine erstaunlich preiswerte Wahl f\u00fcr erotisches Wohlbefinden. S8 wurde entwickelt, um das Vergn\u00fcgen zu steigern und die Intimit\u00e4t auf nat\u00fcrliche, k\u00f6rpervertr\u00e4gliche Weise zu verbessern. Die S8-Kollektion bietet f\u00fcr jeden Geschmack etwas. Von Gleitmitteln auf Wasser- und Silikonbasis, aromatisierten und Hybrid-Gleitmitteln bis hin zu Spielzeugreinigern und Stimulationsgelen: S8 hat alles. Der Reiz der S8-Drogerie liegt in ihrer gr\u00f6\u00dftm\u00f6glichen \u201eNat\u00fcrlichkeit\u201c, die die nat\u00fcrliche Gleitf\u00e4higkeit imitiert und die Formeln frei von unn\u00f6tigen Chemikalien h\u00e4lt. Die Produkte enthalten keine aggressiven Konservierungsstoffe und sind frei von Parabenen, Phthalaten und Gluten \u2013 alles deutlich auf der transparenten Verpackung der Gleitmittel angegeben. S8 erf\u00fcllt alle europ\u00e4ischen Normen und Vorschriften f\u00fcr Intimpflegeprodukte und bietet allen Liebhabern intimer Lust ein vertrauensw\u00fcrdiges, k\u00f6rpervertr\u00e4gliches und verw\u00f6hnendes Erlebnis.<\/p>\n","protected":false},"excerpt":{"rendered":"<p>Teilen Sie den Spa\u00df mit dem Together Kit von S8. Suchen Sie nach Intimpflegeprodukten, die Paare gemeinsam genie\u00dfen k\u00f6nnen? Dann werden Sie das neue Together Kit von S8 lieben. Dieses Set enth\u00e4lt das sexy S8 Spark Clitoral Gel f\u00fcr sie und das S8 Delay Gel f\u00fcr ihn. In einer leidenschaftlichen Session elektrisiert das Spark die<\/p>\n<div class=\"more-link\">\n\t\t\t\t <a href=\"https:\/\/sex-3.de\/shop\/shop\/stimul8-s8-together-paar-set-2-x-30-ml\/\" class=\"btn theme-btn\"><span>Weiterlesen <\/span><i class=\"icofont-thin-double-right\"><\/i><\/a>\n\t\t\t<\/div>\n","protected":false},"featured_media":165602,"comment_status":"closed","ping_status":"open","template":"","meta":[],"product_brand":[],"product_cat":[1251,1255,1272],"product_tag":[],"class_list":{"0":"post-180790","1":"product","2":"type-product","3":"status-publish","4":"has-post-thumbnail","6":"product_cat-drogerie","7":"product_cat-fuer-massagen","8":"product_cat-massage-kits","10":"first","11":"outofstock","12":"taxable","13":"shipping-taxable","14":"purchasable","15":"product-type-simple"},"_links":{"self":[{"href":"https:\/\/sex-3.de\/shop\/wp-json\/wp\/v2\/product\/180790","targetHints":{"allow":["GET"]}}],"collection":[{"href":"https:\/\/sex-3.de\/shop\/wp-json\/wp\/v2\/product"}],"about":[{"href":"https:\/\/sex-3.de\/shop\/wp-json\/wp\/v2\/types\/product"}],"replies":[{"embeddable":true,"href":"https:\/\/sex-3.de\/shop\/wp-json\/wp\/v2\/comments?post=180790"}],"wp:featuredmedia":[{"embeddable":true,"href":"https:\/\/sex-3.de\/shop\/wp-json\/wp\/v2\/media\/165602"}],"wp:attachment":[{"href":"https:\/\/sex-3.de\/shop\/wp-json\/wp\/v2\/media?parent=180790"}],"wp:term":[{"taxonomy":"product_brand","embeddable":true,"href":"https:\/\/sex-3.de\/shop\/wp-json\/wp\/v2\/product_brand?post=180790"},{"taxonomy":"product_cat","embeddable":true,"href":"https:\/\/sex-3.de\/shop\/wp-json\/wp\/v2\/product_cat?post=180790"},{"taxonomy":"product_tag","embeddable":true,"href":"https:\/\/sex-3.de\/shop\/wp-json\/wp\/v2\/product_tag?post=180790"}],"curies":[{"name":"wp","href":"https:\/\/api.w.org\/{rel}","templated":true}]}}