{"id":180688,"date":"2026-01-15T15:47:17","date_gmt":"2026-01-15T14:47:17","guid":{"rendered":"https:\/\/sex-3.de\/shop\/shop\/stimul8-s8-massageoel-box-3-x-50-ml\/"},"modified":"2026-01-19T09:26:35","modified_gmt":"2026-01-19T08:26:35","slug":"stimul8-s8-massageoel-box-3-x-50-ml","status":"publish","type":"product","link":"https:\/\/sex-3.de\/shop\/shop\/stimul8-s8-massageoel-box-3-x-50-ml\/","title":{"rendered":"STIMUL8 &#8211; S8 MASSAGE\u00d6L BOX 3 X 50 ML"},"content":{"rendered":"<p>Diese reichhaltigen S8-Massage\u00f6le sind eine einzigartige Mischung aus drei kraftvollen \u00d6len: Jojoba\u00f6l beruhigt und st\u00e4rkt die Haut, Mandel\u00f6l spendet Feuchtigkeit und pflegt die Haut, w\u00e4hrend Sesam\u00f6l intensiv n\u00e4hrt und geschmeidig macht. Dieses S8-\u00d6l ist mit essentiellen Vitaminen und Mineralstoffen angereichert. Nach einer wohltuenden Massage f\u00fchlt sich Ihre Haut seidig glatt und entspannt an. Diese Box enth\u00e4lt drei verschiedene D\u00fcfte: Omanische Limette &amp; w\u00fcrziger Ingwer, Gr\u00fcner Tee &amp; Fliederbl\u00fcte sowie Franz\u00f6sische Pflaume &amp; \u00c4gyptische Baumwolle.<\/p>\n<p> <u><em><strong>Technische Daten<\/strong><\/em><\/u><\/p>\n<ul>\n<li> Produktabmessungen 50 ml<\/li>\n<li> Gesamtl\u00e4nge 10 cm<\/li>\n<li> Einf\u00fchrbarer Durchmesser \u00d8 3 cm<\/li>\n<li> Haltbarkeit nach dem \u00d6ffnen 6M<\/li>\n<li> Allergiegetestet Ja<\/li>\n<li> Glutenfrei Ja<\/li>\n<li> Parabenfrei Ja<\/li>\n<li> Zuckerfrei Ja<\/li>\n<\/ul>\n<p> <u><em><strong>Zutaten<\/strong><\/em><\/u><\/p>\n<p> VITALISIERT: SESAMUM INDICUM SAMEN\u00d6L, PRUNUS AMYGDALUS DULCIS \u00d6L, SIMMONDSIA CHINENSIS SAMEN\u00d6L, PARF\u00dcM\u00d6L, CITRAL, LIMONEN, LINALOOL, GERANIOL, HEXYL CINNAMAL, CITRONELLOL, EUGENOL, FARNESOL ENTSPANNT: SESAMUM INDICUM SAMEN\u00d6L, PRUNUS AMYGDALUS DULCIS \u00d6L, SIMMONDSIA CHINENSIS SAMEN\u00d6L, PARF\u00dcM\u00d6L, AMYL CINNAMAL, BUTYLPHENYL METHYLPROPIONAL (LILIAL), CINNAMYLALKOHOL, CITRONELLOL, EUGENOL, METHY-2-OCTYNOAT, ISOEUGENOL, EUGENOL, HYDROXYCITRONELLAL, ERFRISCHT: SESAMUM INDICUM SAMEN\u00d6L, PRUNUS AMYGDALUS DULCIS\u00d6L, SIMMONDSIA CHINENSIS-SAMEN\u00d6L, PARF\u00dcM\u00d6L, LINALOOL, LIMONEN, EUGENOL, CUMARIN, CITRAL, BENZYLSALICYLAT, BENZYLBENZOAT, ALPHA-ISOMETHYLIONON<\/p>\n<p> Diese <strong>S8-<\/strong> Linie von Intimpflegeprodukten vereint hochwertige Formeln mit einem f\u00fcr jedermann erschwinglichen Preis und ist damit eine erstaunlich preiswerte Wahl f\u00fcr erotisches Wohlbefinden. <strong>S8<\/strong> wurde entwickelt, um das Vergn\u00fcgen zu steigern und die Intimit\u00e4t auf nat\u00fcrliche, k\u00f6rpervertr\u00e4gliche Weise zu verbessern. Die <strong>S8-<\/strong> Kollektion bietet f\u00fcr jeden Geschmack etwas. Von Gleitmitteln auf Wasser- und Silikonbasis, aromatisierten und Hybrid-Gleitmitteln bis hin zu Spielzeugreinigern und Stimulationsgelen: <strong>S8<\/strong> hat alles. Der Reiz der <strong>S8<\/strong> -Drogerie liegt in ihrer gr\u00f6\u00dftm\u00f6glichen \u201eNat\u00fcrlichkeit\u201c, die die nat\u00fcrliche Gleitf\u00e4higkeit imitiert und die Formeln frei von unn\u00f6tigen Chemikalien h\u00e4lt. Die Produkte enthalten keine aggressiven Konservierungsstoffe und sind frei von Parabenen, Phthalaten und Gluten \u2013 alles deutlich auf der transparenten Verpackung der Gleitmittel angegeben. <strong>S8<\/strong> erf\u00fcllt alle europ\u00e4ischen Normen und Vorschriften f\u00fcr Intimpflegeprodukte und bietet allen Liebhabern intimer Lust ein vertrauensw\u00fcrdiges, k\u00f6rpervertr\u00e4gliches und verw\u00f6hnendes Erlebnis.<\/p>\n","protected":false},"excerpt":{"rendered":"<p>Diese reichhaltigen S8-Massage\u00f6le sind eine einzigartige Mischung aus drei kraftvollen \u00d6len: Jojoba\u00f6l beruhigt und st\u00e4rkt die Haut, Mandel\u00f6l spendet Feuchtigkeit und pflegt die Haut, w\u00e4hrend Sesam\u00f6l intensiv n\u00e4hrt und geschmeidig macht. Dieses S8-\u00d6l ist mit essentiellen Vitaminen und Mineralstoffen angereichert. Nach einer wohltuenden Massage f\u00fchlt sich Ihre Haut seidig glatt und entspannt an. Diese Box<\/p>\n<div class=\"more-link\">\n\t\t\t\t <a href=\"https:\/\/sex-3.de\/shop\/shop\/stimul8-s8-massageoel-box-3-x-50-ml\/\" class=\"btn theme-btn\"><span>Weiterlesen <\/span><i class=\"icofont-thin-double-right\"><\/i><\/a>\n\t\t\t<\/div>\n","protected":false},"featured_media":165435,"comment_status":"closed","ping_status":"open","template":"","meta":[],"product_brand":[],"product_cat":[1269,1251,1255],"product_tag":[],"class_list":{"0":"post-180688","1":"product","2":"type-product","3":"status-publish","4":"has-post-thumbnail","6":"product_cat-aromatisierte-oele","7":"product_cat-drogerie","8":"product_cat-fuer-massagen","10":"first","11":"instock","12":"taxable","13":"shipping-taxable","14":"purchasable","15":"product-type-simple"},"_links":{"self":[{"href":"https:\/\/sex-3.de\/shop\/wp-json\/wp\/v2\/product\/180688","targetHints":{"allow":["GET"]}}],"collection":[{"href":"https:\/\/sex-3.de\/shop\/wp-json\/wp\/v2\/product"}],"about":[{"href":"https:\/\/sex-3.de\/shop\/wp-json\/wp\/v2\/types\/product"}],"replies":[{"embeddable":true,"href":"https:\/\/sex-3.de\/shop\/wp-json\/wp\/v2\/comments?post=180688"}],"wp:featuredmedia":[{"embeddable":true,"href":"https:\/\/sex-3.de\/shop\/wp-json\/wp\/v2\/media\/165435"}],"wp:attachment":[{"href":"https:\/\/sex-3.de\/shop\/wp-json\/wp\/v2\/media?parent=180688"}],"wp:term":[{"taxonomy":"product_brand","embeddable":true,"href":"https:\/\/sex-3.de\/shop\/wp-json\/wp\/v2\/product_brand?post=180688"},{"taxonomy":"product_cat","embeddable":true,"href":"https:\/\/sex-3.de\/shop\/wp-json\/wp\/v2\/product_cat?post=180688"},{"taxonomy":"product_tag","embeddable":true,"href":"https:\/\/sex-3.de\/shop\/wp-json\/wp\/v2\/product_tag?post=180688"}],"curies":[{"name":"wp","href":"https:\/\/api.w.org\/{rel}","templated":true}]}}