{"id":179859,"date":"2026-01-15T15:34:43","date_gmt":"2026-01-15T14:34:43","guid":{"rendered":"https:\/\/sex-3.de\/shop\/shop\/pretty-love-vibra-butt-plug-2-anal-plug-10-vibrationen-schwarz\/"},"modified":"2026-01-19T09:24:16","modified_gmt":"2026-01-19T08:24:16","slug":"pretty-love-vibra-butt-plug-2-anal-plug-10-vibrationen-schwarz","status":"publish","type":"product","link":"https:\/\/sex-3.de\/shop\/shop\/pretty-love-vibra-butt-plug-2-anal-plug-10-vibrationen-schwarz\/","title":{"rendered":"PRETTY LOVE &#8211; VIBRA BUTT PLUG 2 ANAL PLUG 10 VIBRATIONEN SCHWARZ"},"content":{"rendered":"<p><strong>H\u00dcBSCHE LIEBE BI-040107<\/strong><br \/> Mit diesem eng sitzenden Analplug mit 10 vibrierenden Funktionen in Ihnen werden Sie heute Nacht nicht schlafen k\u00f6nnen. Bereiten Sie sich auf den Empfang vor, indem Sie eine reichliche Menge Gleitmittel auf Wasserbasis \u00fcber den Analplug tr\u00e4ufeln und langsam um Ihren wartenden Anus reiben. Ruhe, mein Liebling, keine Angst, mein Liebling, die konische Spitze wird Sie entspannen und erregen, w\u00e4hrend der weiche Schaft aus Silikon sanft hineingleitet. Sobald der bequeme, ausgestellte Griff an Ort und Stelle ruht, genie\u00dfen Sie die stimulierenden Vibrationen mit 10 Geschwindigkeiten, die durch Ihren Anus zittern. Beginnen Sie je nach Ihrer analen Erfahrung entweder langsam oder gehen Sie direkt in den orgasmischen, Ihren Hintern erzitternden Himmel.<\/p>\n<\/p>\n<p> <u><strong>MERKMALE<\/strong><\/u> :<\/p>\n<ul>\n<li> Funktion: 10 Vibrationsfunktionen<\/li>\n<li> Material: Silikon<\/li>\n<li> Stromversorgung: 1 AAA-Batterie<\/li>\n<\/ul>\n","protected":false},"excerpt":{"rendered":"<p>H\u00dcBSCHE LIEBE BI-040107 Mit diesem eng sitzenden Analplug mit 10 vibrierenden Funktionen in Ihnen werden Sie heute Nacht nicht schlafen k\u00f6nnen. Bereiten Sie sich auf den Empfang vor, indem Sie eine reichliche Menge Gleitmittel auf Wasserbasis \u00fcber den Analplug tr\u00e4ufeln und langsam um Ihren wartenden Anus reiben. Ruhe, mein Liebling, keine Angst, mein Liebling, die<\/p>\n<div class=\"more-link\">\n\t\t\t\t <a href=\"https:\/\/sex-3.de\/shop\/shop\/pretty-love-vibra-butt-plug-2-anal-plug-10-vibrationen-schwarz\/\" class=\"btn theme-btn\"><span>Weiterlesen <\/span><i class=\"icofont-thin-double-right\"><\/i><\/a>\n\t\t\t<\/div>\n","protected":false},"featured_media":163139,"comment_status":"closed","ping_status":"open","template":"","meta":[],"product_brand":[],"product_cat":[1227,1238,1203],"product_tag":[],"class_list":{"0":"post-179859","1":"product","2":"type-product","3":"status-publish","4":"has-post-thumbnail","6":"product_cat-anal","7":"product_cat-analplugs","8":"product_cat-lovetoys","10":"first","11":"instock","12":"taxable","13":"shipping-taxable","14":"purchasable","15":"product-type-simple"},"_links":{"self":[{"href":"https:\/\/sex-3.de\/shop\/wp-json\/wp\/v2\/product\/179859","targetHints":{"allow":["GET"]}}],"collection":[{"href":"https:\/\/sex-3.de\/shop\/wp-json\/wp\/v2\/product"}],"about":[{"href":"https:\/\/sex-3.de\/shop\/wp-json\/wp\/v2\/types\/product"}],"replies":[{"embeddable":true,"href":"https:\/\/sex-3.de\/shop\/wp-json\/wp\/v2\/comments?post=179859"}],"wp:featuredmedia":[{"embeddable":true,"href":"https:\/\/sex-3.de\/shop\/wp-json\/wp\/v2\/media\/163139"}],"wp:attachment":[{"href":"https:\/\/sex-3.de\/shop\/wp-json\/wp\/v2\/media?parent=179859"}],"wp:term":[{"taxonomy":"product_brand","embeddable":true,"href":"https:\/\/sex-3.de\/shop\/wp-json\/wp\/v2\/product_brand?post=179859"},{"taxonomy":"product_cat","embeddable":true,"href":"https:\/\/sex-3.de\/shop\/wp-json\/wp\/v2\/product_cat?post=179859"},{"taxonomy":"product_tag","embeddable":true,"href":"https:\/\/sex-3.de\/shop\/wp-json\/wp\/v2\/product_tag?post=179859"}],"curies":[{"name":"wp","href":"https:\/\/api.w.org\/{rel}","templated":true}]}}